{"id":70,"date":"2021-06-28T11:36:59","date_gmt":"2021-06-28T09:36:59","guid":{"rendered":"https:\/\/www.unionprofili.it\/?page_id=70"},"modified":"2021-07-01T11:14:34","modified_gmt":"2021-07-01T09:14:34","slug":"azienda","status":"publish","type":"page","link":"https:\/\/www.unionprofili.it\/it\/azienda\/","title":{"rendered":"Azienda"},"content":{"rendered":"<div  class=\"grids-section grids-is-advanced alignfull\" style=\"--_gs-gap-desktop:0px 0px;--_gs-m-desktop:40px 0 40px 0;--_gs-p-desktop:0 0 0 0;--_gs-bg-desktop:transparent none;--_gs-bg-xp-desktop:0px;--_gs-zi-desktop:auto;--_gs-d-desktop:block;--_gs-mw-desktop:calc(100% - 0 - 0);--_gs-gap-tablet:0px 0px;--_gs-m-tablet:40px 0 40px 0;--_gs-p-tablet:0 0 0 0;--_gs-bg-tablet:transparent none;--_gs-bg-xp-tablet:0px;--_gs-zi-tablet:auto;--_gs-d-tablet:block;--_gs-mw-tablet:calc(100% - 0 - 0);--_gs-gap-mobile:0px 0px;--_gs-m-mobile:40px 0 40px 0;--_gs-p-mobile:0 0 0 0;--_gs-bg-mobile:transparent none;--_gs-bg-xp-mobile:0px;--_gs-zi-mobile:auto;--_gs-d-mobile:block;--_gs-mw-mobile:calc(100% - 0 - 0);--_gs-columns:12;--_gs-rows:6\"><div class=\"grids-s-w_i\">\n<div class=\"grids-area\" style=\"--_ga-column:2\/7;--_ga-row:1\/2;--_ga-m-desktop:0 40px 0 0;--_ga-p-desktop:0 0 0 0;--_ga-bg-desktop:transparent none;--_ga-zi-desktop:auto;--_ga-d-desktop:flex;--_ga-mw-desktop:calc(100% - 0 - 40px);--_ga-m-tablet:0 40px 0 0;--_ga-p-tablet:0 0 0 0;--_ga-bg-tablet:transparent none;--_ga-zi-tablet:auto;--_ga-d-tablet:flex;--_ga-mw-tablet:calc(100% - 0 - 40px);--_ga-m-mobile:0 40px 0 0;--_ga-p-mobile:0 0 0 0;--_ga-bg-mobile:transparent none;--_ga-zi-mobile:auto;--_ga-d-mobile:flex;--_ga-mw-mobile:calc(100% - 0 - 40px)\">\n\n<figure class=\"wp-block-image size-large\"><img loading=\"lazy\" decoding=\"async\" width=\"1024\" height=\"683\" src=\"https:\/\/www.unionprofili.it\/wp-content\/uploads\/2021\/06\/azienda-unionprofili-01-1024x683.jpg\" alt=\"\" class=\"wp-image-72\" srcset=\"https:\/\/www.unionprofili.it\/wp-content\/uploads\/2021\/06\/azienda-unionprofili-01-1024x683.jpg 1024w, https:\/\/www.unionprofili.it\/wp-content\/uploads\/2021\/06\/azienda-unionprofili-01-300x200.jpg 300w, https:\/\/www.unionprofili.it\/wp-content\/uploads\/2021\/06\/azienda-unionprofili-01-768x512.jpg 768w, https:\/\/www.unionprofili.it\/wp-content\/uploads\/2021\/06\/azienda-unionprofili-01-1536x1024.jpg 1536w, https:\/\/www.unionprofili.it\/wp-content\/uploads\/2021\/06\/azienda-unionprofili-01-1568x1045.jpg 1568w, https:\/\/www.unionprofili.it\/wp-content\/uploads\/2021\/06\/azienda-unionprofili-01.jpg 1800w\" sizes=\"auto, (max-width: 1024px) 100vw, 1024px\" \/><\/figure>\n\n<\/div>\n\n<div class=\"grids-area\" style=\"--_ga-column:7\/12;--_ga-row:1\/2;--_ga-m-desktop:0 0 0 0;--_ga-p-desktop:0 0 0 0;--_ga-bg-desktop:transparent none;--_ga-zi-desktop:auto;--_ga-d-desktop:flex;--_ga-mw-desktop:calc(100% - 0 - 0);--_ga-m-tablet:0 0 0 0;--_ga-p-tablet:0 0 0 0;--_ga-bg-tablet:transparent none;--_ga-zi-tablet:auto;--_ga-d-tablet:flex;--_ga-mw-tablet:calc(100% - 0 - 0);--_ga-m-mobile:0 0 0 0;--_ga-p-mobile:0 0 0 0;--_ga-bg-mobile:transparent none;--_ga-zi-mobile:auto;--_ga-d-mobile:flex;--_ga-mw-mobile:calc(100% - 0 - 0)\">\n\n<h2 class=\"wp-block-heading\"><strong>Unionprofili<\/strong><\/h2>\n\n\n\n<h3 class=\"wp-block-heading\">Chi siamo<\/h3>\n\n\n\n<p>L\u2019azienda, forte di un\u2019esperienza di oltre 30 anni, \u00e8 specializzata nella produzione di profili in legno e componenti per l\u2019arredo e l\u2019edilizia.<\/p>\n\n\n\n<p>La combinazione delle competenze e dell\u2019alta professionalit\u00e0 del suo team unite a un continuo investimento in ricerca e sviluppo di nuove tecnologie all\u2019avanguardia garantiscono una qualit\u00e0 costante e certificata dei materiali e dei prodotti offerti.<\/p>\n\n<\/div>\n<\/div><\/div>\n\n<div  class=\"grids-section grids-is-advanced\" style=\"--_gs-gap-desktop:0px 0px;--_gs-m-desktop:0 0 0 0;--_gs-p-desktop:0 0 0 0;--_gs-bg-desktop:transparent none;--_gs-bg-xp-desktop:0px;--_gs-zi-desktop:auto;--_gs-d-desktop:block;--_gs-mw-desktop:calc(100% - 0 - 0);--_gs-gap-tablet:0px 0px;--_gs-m-tablet:0 0 0 0;--_gs-p-tablet:0 0 0 0;--_gs-bg-tablet:transparent none;--_gs-bg-xp-tablet:0px;--_gs-zi-tablet:auto;--_gs-d-tablet:block;--_gs-mw-tablet:calc(100% - 0 - 0);--_gs-gap-mobile:0px 0px;--_gs-m-mobile:0 0 0 0;--_gs-p-mobile:0 0 0 0;--_gs-bg-mobile:transparent none;--_gs-bg-xp-mobile:0px;--_gs-zi-mobile:auto;--_gs-d-mobile:block;--_gs-mw-mobile:calc(100% - 0 - 0);--_gs-columns:12;--_gs-rows:6\"><div class=\"grids-s-w_i\">\n<div class=\"grids-area\" style=\"--_ga-column:1\/13;--_ga-row:1\/2;--_ga-m-desktop:0 0 0 0;--_ga-p-desktop:0 0 0 0;--_ga-bg-desktop:transparent none;--_ga-zi-desktop:auto;--_ga-d-desktop:flex;--_ga-mw-desktop:calc(100% - 0 - 0);--_ga-m-tablet:0 0 0 0;--_ga-p-tablet:0 0 0 0;--_ga-bg-tablet:transparent none;--_ga-zi-tablet:auto;--_ga-d-tablet:flex;--_ga-mw-tablet:calc(100% - 0 - 0);--_ga-m-mobile:0 0 0 0;--_ga-p-mobile:0 0 0 0;--_ga-bg-mobile:transparent none;--_ga-zi-mobile:auto;--_ga-d-mobile:flex;--_ga-mw-mobile:calc(100% - 0 - 0)\"><\/div>\n<\/div><\/div>\n\n<div  class=\"grids-section grids-is-advanced alignfull\" style=\"--_gs-gap-desktop:0px 0px;--_gs-m-desktop:0 0 0 0;--_gs-p-desktop:40px 0 40px 0;--_gs-bg-desktop:transparent none;--_gs-bg-xp-desktop:0px;--_gs-zi-desktop:auto;--_gs-d-desktop:block;--_gs-mw-desktop:calc(100% - 0 - 0);--_gs-gap-tablet:0px 0px;--_gs-m-tablet:0 0 0 0;--_gs-p-tablet:40px 0 40px 0;--_gs-bg-tablet:transparent none;--_gs-bg-xp-tablet:0px;--_gs-zi-tablet:auto;--_gs-d-tablet:block;--_gs-mw-tablet:calc(100% - 0 - 0);--_gs-gap-mobile:0px 0px;--_gs-m-mobile:0 0 0 0;--_gs-p-mobile:40px 0 40px 0;--_gs-bg-mobile:transparent none;--_gs-bg-xp-mobile:0px;--_gs-zi-mobile:auto;--_gs-d-mobile:block;--_gs-mw-mobile:calc(100% - 0 - 0);--_gs-columns:12;--_gs-rows:6\"><div class=\"grids-s-w_i\">\n<div class=\"grids-area\" style=\"--_ga-column:3\/5;--_ga-row:1\/2;--_ga-m-desktop:0 20px 0 0;--_ga-p-desktop:0 0 0 0;--_ga-bg-desktop:transparent none;--_ga-zi-desktop:auto;--_ga-d-desktop:flex;--_ga-mw-desktop:calc(100% - 0 - 20px);--_ga-m-tablet:0 20px 0 0;--_ga-p-tablet:0 0 0 0;--_ga-bg-tablet:transparent none;--_ga-zi-tablet:auto;--_ga-d-tablet:flex;--_ga-mw-tablet:calc(100% - 0 - 20px);--_ga-m-mobile:0 20px 0 0;--_ga-p-mobile:0 0 0 0;--_ga-bg-mobile:transparent none;--_ga-zi-mobile:auto;--_ga-d-mobile:flex;--_ga-mw-mobile:calc(100% - 0 - 20px)\">\n\n<figure class=\"wp-block-image size-large is-resized\"><img loading=\"lazy\" decoding=\"async\" src=\"https:\/\/www.unionprofili.it\/wp-content\/uploads\/2021\/06\/flessibilita.png\" alt=\"\" class=\"wp-image-56\" width=\"120\" height=\"120\" srcset=\"https:\/\/www.unionprofili.it\/wp-content\/uploads\/2021\/06\/flessibilita.png 240w, https:\/\/www.unionprofili.it\/wp-content\/uploads\/2021\/06\/flessibilita-150x150.png 150w\" sizes=\"auto, (max-width: 120px) 100vw, 120px\" \/><\/figure>\n\n\n\n<h4 class=\"has-text-align-center wp-block-heading\">Customer oriented<\/h4>\n\n\n\n<p class=\"has-text-align-center\">Supporta con efficienza le esigenze e le richieste della clientela offrendo prodotti personalizzati e su misura<\/p>\n\n<\/div>\n\n<div class=\"grids-area\" style=\"--_ga-column:5\/7;--_ga-row:1\/2;--_ga-m-desktop:0 20px 0 0;--_ga-p-desktop:0 0 0 0;--_ga-bg-desktop:transparent none;--_ga-zi-desktop:auto;--_ga-d-desktop:flex;--_ga-mw-desktop:calc(100% - 0 - 20px);--_ga-m-tablet:0 20px 0 0;--_ga-p-tablet:0 0 0 0;--_ga-bg-tablet:transparent none;--_ga-zi-tablet:auto;--_ga-d-tablet:flex;--_ga-mw-tablet:calc(100% - 0 - 20px);--_ga-m-mobile:0 20px 0 0;--_ga-p-mobile:0 0 0 0;--_ga-bg-mobile:transparent none;--_ga-zi-mobile:auto;--_ga-d-mobile:flex;--_ga-mw-mobile:calc(100% - 0 - 20px)\">\n\n<figure class=\"wp-block-image size-large is-resized\"><img loading=\"lazy\" decoding=\"async\" src=\"https:\/\/www.unionprofili.it\/wp-content\/uploads\/2021\/06\/dettaglio.png\" alt=\"\" class=\"wp-image-55\" width=\"120\" height=\"120\" srcset=\"https:\/\/www.unionprofili.it\/wp-content\/uploads\/2021\/06\/dettaglio.png 240w, https:\/\/www.unionprofili.it\/wp-content\/uploads\/2021\/06\/dettaglio-150x150.png 150w\" sizes=\"auto, (max-width: 120px) 100vw, 120px\" \/><\/figure>\n\n\n\n<h4 class=\"has-text-align-center wp-block-heading\">Professionalit\u00e0<\/h4>\n\n\n\n<p class=\"has-text-align-center\">Un&#8217;azienda forte e affidabile, grazie alla professionalit\u00e0 all&#8217;esperienza maturata nella lavorazione del legno<\/p>\n\n<\/div>\n\n<div class=\"grids-area\" style=\"--_ga-column:7\/9;--_ga-row:1\/2;--_ga-m-desktop:0 20px 0 0;--_ga-p-desktop:0 0 0 0;--_ga-bg-desktop:transparent none;--_ga-zi-desktop:auto;--_ga-d-desktop:flex;--_ga-mw-desktop:calc(100% - 0 - 20px);--_ga-m-tablet:0 20px 0 0;--_ga-p-tablet:0 0 0 0;--_ga-bg-tablet:transparent none;--_ga-zi-tablet:auto;--_ga-d-tablet:flex;--_ga-mw-tablet:calc(100% - 0 - 20px);--_ga-m-mobile:0 20px 0 0;--_ga-p-mobile:0 0 0 0;--_ga-bg-mobile:transparent none;--_ga-zi-mobile:auto;--_ga-d-mobile:flex;--_ga-mw-mobile:calc(100% - 0 - 20px)\">\n\n<figure class=\"wp-block-image size-large is-resized\"><img loading=\"lazy\" decoding=\"async\" src=\"https:\/\/www.unionprofili.it\/wp-content\/uploads\/2021\/06\/tecnologia.png\" alt=\"\" class=\"wp-image-57\" width=\"120\" height=\"120\" srcset=\"https:\/\/www.unionprofili.it\/wp-content\/uploads\/2021\/06\/tecnologia.png 240w, https:\/\/www.unionprofili.it\/wp-content\/uploads\/2021\/06\/tecnologia-150x150.png 150w\" sizes=\"auto, (max-width: 120px) 100vw, 120px\" \/><\/figure>\n\n\n\n<h4 class=\"has-text-align-center wp-block-heading\">Innovazione<\/h4>\n\n\n\n<p class=\"has-text-align-center\">Le tecnologie pi\u00f9 all&#8217;avanguardia e i tecnici pi\u00f9 preparati per garantire i pi\u00f9 elevati standard qualitativi<\/p>\n\n<\/div>\n\n<div class=\"grids-area\" style=\"--_ga-column:9\/11;--_ga-row:1\/2;--_ga-m-desktop:0 0 0 0;--_ga-p-desktop:0 0 0 0;--_ga-bg-desktop:transparent none;--_ga-zi-desktop:auto;--_ga-d-desktop:flex;--_ga-mw-desktop:calc(100% - 0 - 0);--_ga-m-tablet:0 0 0 0;--_ga-p-tablet:0 0 0 0;--_ga-bg-tablet:transparent none;--_ga-zi-tablet:auto;--_ga-d-tablet:flex;--_ga-mw-tablet:calc(100% - 0 - 0);--_ga-m-mobile:0 0 0 0;--_ga-p-mobile:0 0 0 0;--_ga-bg-mobile:transparent none;--_ga-zi-mobile:auto;--_ga-d-mobile:flex;--_ga-mw-mobile:calc(100% - 0 - 0)\">\n\n<figure class=\"wp-block-image size-large is-resized\"><img loading=\"lazy\" decoding=\"async\" src=\"https:\/\/www.unionprofili.it\/wp-content\/uploads\/2021\/06\/affidabilita.png\" alt=\"\" class=\"wp-image-54\" width=\"120\" height=\"120\" srcset=\"https:\/\/www.unionprofili.it\/wp-content\/uploads\/2021\/06\/affidabilita.png 240w, https:\/\/www.unionprofili.it\/wp-content\/uploads\/2021\/06\/affidabilita-150x150.png 150w\" sizes=\"auto, (max-width: 120px) 100vw, 120px\" \/><\/figure>\n\n\n\n<h4 class=\"has-text-align-center wp-block-heading\">Impegno<\/h4>\n\n\n\n<p class=\"has-text-align-center\">Ci caratterizzano passione e competenza, unite al nostro costante impegno nella ricerca di innovazione e di miglioramento continuo.<\/p>\n\n<\/div>\n<\/div><\/div>\n\n<div  class=\"grids-section grids-is-advanced alignfull\" style=\"--_gs-gap-desktop:0px 0px;--_gs-m-desktop:40px 0 40px 0;--_gs-p-desktop:0 0 0 0;--_gs-bg-desktop:transparent none;--_gs-bg-xp-desktop:0px;--_gs-zi-desktop:auto;--_gs-d-desktop:block;--_gs-mw-desktop:calc(100% - 0 - 0);--_gs-gap-tablet:0px 0px;--_gs-m-tablet:40px 0 40px 0;--_gs-p-tablet:0 0 0 0;--_gs-bg-tablet:transparent none;--_gs-bg-xp-tablet:0px;--_gs-zi-tablet:auto;--_gs-d-tablet:block;--_gs-mw-tablet:calc(100% - 0 - 0);--_gs-gap-mobile:0px 0px;--_gs-m-mobile:40px 0 40px 0;--_gs-p-mobile:0 0 0 0;--_gs-bg-mobile:transparent none;--_gs-bg-xp-mobile:0px;--_gs-zi-mobile:auto;--_gs-d-mobile:block;--_gs-mw-mobile:calc(100% - 0 - 0);--_gs-columns:12;--_gs-rows:6\"><div class=\"grids-s-w_i\">\n<div class=\"grids-area\" style=\"--_ga-column:2\/12;--_ga-row:1\/2;--_ga-m-desktop:0 0 0 0;--_ga-p-desktop:0 0 0 0;--_ga-bg-desktop:transparent none;--_ga-zi-desktop:auto;--_ga-d-desktop:flex;--_ga-mw-desktop:calc(100% - 0 - 0);--_ga-m-tablet:0 0 0 0;--_ga-p-tablet:0 0 0 0;--_ga-bg-tablet:transparent none;--_ga-zi-tablet:auto;--_ga-d-tablet:flex;--_ga-mw-tablet:calc(100% - 0 - 0);--_ga-m-mobile:0 0 0 0;--_ga-p-mobile:0 0 0 0;--_ga-bg-mobile:transparent none;--_ga-zi-mobile:auto;--_ga-d-mobile:flex;--_ga-mw-mobile:calc(100% - 0 - 0)\">\n\n<h3 class=\"has-text-align-center wp-block-heading\">Brevetti e certificazioni<\/h3>\n\n\n\n<p class=\"has-text-align-center\">Unionprofili ricerca la qualit\u00e0 costante e certificata dei materiali<\/p>\n\n\n\n<a href=\"\/it\/brevetti-certificazioni\/\" class=\"btn btn-center\" style=\"text-align:center\">SCOPRI DI PI\u00d9<\/a>\n\n<\/div>\n<\/div><\/div>","protected":false},"excerpt":{"rendered":"","protected":false},"author":1,"featured_media":328,"parent":0,"menu_order":0,"comment_status":"closed","ping_status":"closed","template":"","meta":{"_acf_changed":false,"_uag_custom_page_level_css":"","footnotes":""},"class_list":["post-70","page","type-page","status-publish","has-post-thumbnail","hentry","entry"],"acf":[],"yoast_head":"<!-- This site is optimized with the Yoast SEO plugin v26.0 - https:\/\/yoast.com\/wordpress\/plugins\/seo\/ -->\n<title>Azienda | Union Profili - Profili e componenti per l\u2019arredo e l\u2019edilizia<\/title>\n<meta name=\"robots\" content=\"index, follow, max-snippet:-1, max-image-preview:large, max-video-preview:-1\" \/>\n<link rel=\"canonical\" href=\"https:\/\/www.unionprofili.it\/it\/azienda\/\" \/>\n<meta property=\"og:locale\" content=\"it_IT\" \/>\n<meta property=\"og:type\" content=\"article\" \/>\n<meta property=\"og:title\" content=\"Azienda | Union Profili - Profili e componenti per l\u2019arredo e l\u2019edilizia\" \/>\n<meta property=\"og:url\" content=\"https:\/\/www.unionprofili.it\/it\/azienda\/\" \/>\n<meta property=\"og:site_name\" content=\"Union Profili - Profili e componenti per l\u2019arredo e l\u2019edilizia\" \/>\n<meta property=\"article:modified_time\" content=\"2021-07-01T09:14:34+00:00\" \/>\n<meta property=\"og:image\" content=\"https:\/\/www.unionprofili.it\/wp-content\/uploads\/2021\/07\/slide-azienda-unionprofili-01.jpg\" \/>\n\t<meta property=\"og:image:width\" content=\"1300\" \/>\n\t<meta property=\"og:image:height\" content=\"600\" \/>\n\t<meta property=\"og:image:type\" content=\"image\/jpeg\" \/>\n<meta name=\"twitter:card\" content=\"summary_large_image\" \/>\n<meta name=\"twitter:label1\" content=\"Tempo di lettura stimato\" \/>\n\t<meta name=\"twitter:data1\" content=\"2 minuti\" \/>\n<script type=\"application\/ld+json\" class=\"yoast-schema-graph\">{\"@context\":\"https:\/\/schema.org\",\"@graph\":[{\"@type\":\"WebPage\",\"@id\":\"https:\/\/www.unionprofili.it\/it\/azienda\/\",\"url\":\"https:\/\/www.unionprofili.it\/it\/azienda\/\",\"name\":\"Azienda | Union Profili - Profili e componenti per l\u2019arredo e l\u2019edilizia\",\"isPartOf\":{\"@id\":\"https:\/\/www.unionprofili.it\/it\/#website\"},\"primaryImageOfPage\":{\"@id\":\"https:\/\/www.unionprofili.it\/it\/azienda\/#primaryimage\"},\"image\":{\"@id\":\"https:\/\/www.unionprofili.it\/it\/azienda\/#primaryimage\"},\"thumbnailUrl\":\"https:\/\/www.unionprofili.it\/wp-content\/uploads\/2021\/07\/slide-azienda-unionprofili-01.jpg\",\"datePublished\":\"2021-06-28T09:36:59+00:00\",\"dateModified\":\"2021-07-01T09:14:34+00:00\",\"breadcrumb\":{\"@id\":\"https:\/\/www.unionprofili.it\/it\/azienda\/#breadcrumb\"},\"inLanguage\":\"it-IT\",\"potentialAction\":[{\"@type\":\"ReadAction\",\"target\":[\"https:\/\/www.unionprofili.it\/it\/azienda\/\"]}]},{\"@type\":\"ImageObject\",\"inLanguage\":\"it-IT\",\"@id\":\"https:\/\/www.unionprofili.it\/it\/azienda\/#primaryimage\",\"url\":\"https:\/\/www.unionprofili.it\/wp-content\/uploads\/2021\/07\/slide-azienda-unionprofili-01.jpg\",\"contentUrl\":\"https:\/\/www.unionprofili.it\/wp-content\/uploads\/2021\/07\/slide-azienda-unionprofili-01.jpg\",\"width\":1300,\"height\":600},{\"@type\":\"BreadcrumbList\",\"@id\":\"https:\/\/www.unionprofili.it\/it\/azienda\/#breadcrumb\",\"itemListElement\":[{\"@type\":\"ListItem\",\"position\":1,\"name\":\"Home\",\"item\":\"https:\/\/www.unionprofili.it\/it\/\"},{\"@type\":\"ListItem\",\"position\":2,\"name\":\"Azienda\"}]},{\"@type\":\"WebSite\",\"@id\":\"https:\/\/www.unionprofili.it\/it\/#website\",\"url\":\"https:\/\/www.unionprofili.it\/it\/\",\"name\":\"Union Profili - Profili e componenti per l\u2019arredo e l\u2019edilizia\",\"description\":\"\",\"potentialAction\":[{\"@type\":\"SearchAction\",\"target\":{\"@type\":\"EntryPoint\",\"urlTemplate\":\"https:\/\/www.unionprofili.it\/it\/?s={search_term_string}\"},\"query-input\":{\"@type\":\"PropertyValueSpecification\",\"valueRequired\":true,\"valueName\":\"search_term_string\"}}],\"inLanguage\":\"it-IT\"}]}<\/script>\n<!-- \/ Yoast SEO plugin. -->","yoast_head_json":{"title":"Azienda | Union Profili - Profili e componenti per l\u2019arredo e l\u2019edilizia","robots":{"index":"index","follow":"follow","max-snippet":"max-snippet:-1","max-image-preview":"max-image-preview:large","max-video-preview":"max-video-preview:-1"},"canonical":"https:\/\/www.unionprofili.it\/it\/azienda\/","og_locale":"it_IT","og_type":"article","og_title":"Azienda | Union Profili - Profili e componenti per l\u2019arredo e l\u2019edilizia","og_url":"https:\/\/www.unionprofili.it\/it\/azienda\/","og_site_name":"Union Profili - Profili e componenti per l\u2019arredo e l\u2019edilizia","article_modified_time":"2021-07-01T09:14:34+00:00","og_image":[{"width":1300,"height":600,"url":"https:\/\/www.unionprofili.it\/wp-content\/uploads\/2021\/07\/slide-azienda-unionprofili-01.jpg","type":"image\/jpeg"}],"twitter_card":"summary_large_image","twitter_misc":{"Tempo di lettura stimato":"2 minuti"},"schema":{"@context":"https:\/\/schema.org","@graph":[{"@type":"WebPage","@id":"https:\/\/www.unionprofili.it\/it\/azienda\/","url":"https:\/\/www.unionprofili.it\/it\/azienda\/","name":"Azienda | Union Profili - Profili e componenti per l\u2019arredo e l\u2019edilizia","isPartOf":{"@id":"https:\/\/www.unionprofili.it\/it\/#website"},"primaryImageOfPage":{"@id":"https:\/\/www.unionprofili.it\/it\/azienda\/#primaryimage"},"image":{"@id":"https:\/\/www.unionprofili.it\/it\/azienda\/#primaryimage"},"thumbnailUrl":"https:\/\/www.unionprofili.it\/wp-content\/uploads\/2021\/07\/slide-azienda-unionprofili-01.jpg","datePublished":"2021-06-28T09:36:59+00:00","dateModified":"2021-07-01T09:14:34+00:00","breadcrumb":{"@id":"https:\/\/www.unionprofili.it\/it\/azienda\/#breadcrumb"},"inLanguage":"it-IT","potentialAction":[{"@type":"ReadAction","target":["https:\/\/www.unionprofili.it\/it\/azienda\/"]}]},{"@type":"ImageObject","inLanguage":"it-IT","@id":"https:\/\/www.unionprofili.it\/it\/azienda\/#primaryimage","url":"https:\/\/www.unionprofili.it\/wp-content\/uploads\/2021\/07\/slide-azienda-unionprofili-01.jpg","contentUrl":"https:\/\/www.unionprofili.it\/wp-content\/uploads\/2021\/07\/slide-azienda-unionprofili-01.jpg","width":1300,"height":600},{"@type":"BreadcrumbList","@id":"https:\/\/www.unionprofili.it\/it\/azienda\/#breadcrumb","itemListElement":[{"@type":"ListItem","position":1,"name":"Home","item":"https:\/\/www.unionprofili.it\/it\/"},{"@type":"ListItem","position":2,"name":"Azienda"}]},{"@type":"WebSite","@id":"https:\/\/www.unionprofili.it\/it\/#website","url":"https:\/\/www.unionprofili.it\/it\/","name":"Union Profili - Profili e componenti per l\u2019arredo e l\u2019edilizia","description":"","potentialAction":[{"@type":"SearchAction","target":{"@type":"EntryPoint","urlTemplate":"https:\/\/www.unionprofili.it\/it\/?s={search_term_string}"},"query-input":{"@type":"PropertyValueSpecification","valueRequired":true,"valueName":"search_term_string"}}],"inLanguage":"it-IT"}]}},"uagb_featured_image_src":{"full":["https:\/\/www.unionprofili.it\/wp-content\/uploads\/2021\/07\/slide-azienda-unionprofili-01.jpg",1300,600,false],"thumbnail":["https:\/\/www.unionprofili.it\/wp-content\/uploads\/2021\/07\/slide-azienda-unionprofili-01-150x150.jpg",150,150,true],"medium":["https:\/\/www.unionprofili.it\/wp-content\/uploads\/2021\/07\/slide-azienda-unionprofili-01-300x138.jpg",300,138,true],"medium_large":["https:\/\/www.unionprofili.it\/wp-content\/uploads\/2021\/07\/slide-azienda-unionprofili-01-768x354.jpg",750,346,true],"large":["https:\/\/www.unionprofili.it\/wp-content\/uploads\/2021\/07\/slide-azienda-unionprofili-01-1024x473.jpg",750,346,true],"1536x1536":["https:\/\/www.unionprofili.it\/wp-content\/uploads\/2021\/07\/slide-azienda-unionprofili-01.jpg",1300,600,false],"2048x2048":["https:\/\/www.unionprofili.it\/wp-content\/uploads\/2021\/07\/slide-azienda-unionprofili-01.jpg",1300,600,false],"post-thumbnail":["https:\/\/www.unionprofili.it\/wp-content\/uploads\/2021\/07\/slide-azienda-unionprofili-01.jpg",1300,600,false]},"uagb_author_info":{"display_name":"un10n-pro1489a","author_link":"https:\/\/www.unionprofili.it\/it\/author\/un10n-pro1489a\/"},"uagb_comment_info":0,"uagb_excerpt":null,"_links":{"self":[{"href":"https:\/\/www.unionprofili.it\/it\/wp-json\/wp\/v2\/pages\/70","targetHints":{"allow":["GET"]}}],"collection":[{"href":"https:\/\/www.unionprofili.it\/it\/wp-json\/wp\/v2\/pages"}],"about":[{"href":"https:\/\/www.unionprofili.it\/it\/wp-json\/wp\/v2\/types\/page"}],"author":[{"embeddable":true,"href":"https:\/\/www.unionprofili.it\/it\/wp-json\/wp\/v2\/users\/1"}],"replies":[{"embeddable":true,"href":"https:\/\/www.unionprofili.it\/it\/wp-json\/wp\/v2\/comments?post=70"}],"version-history":[{"count":0,"href":"https:\/\/www.unionprofili.it\/it\/wp-json\/wp\/v2\/pages\/70\/revisions"}],"wp:featuredmedia":[{"embeddable":true,"href":"https:\/\/www.unionprofili.it\/it\/wp-json\/wp\/v2\/media\/328"}],"wp:attachment":[{"href":"https:\/\/www.unionprofili.it\/it\/wp-json\/wp\/v2\/media?parent=70"}],"curies":[{"name":"wp","href":"https:\/\/api.w.org\/{rel}","templated":true}]}}